{"id":85,"date":"2024-02-21T08:58:42","date_gmt":"2024-02-21T08:58:42","guid":{"rendered":"https:\/\/zoofizjo.pl\/?page_id=85"},"modified":"2026-03-06T07:23:16","modified_gmt":"2026-03-06T07:23:16","slug":"about-us","status":"publish","type":"page","link":"https:\/\/zoofizjo.pl\/index.php\/about-us\/","title":{"rendered":"About us"},"content":{"rendered":"<section class=\"bde-section-85-196 bde-section\">\n  \n  \n\t\n\n\n\n<div class=\"section-container\"><h1 class=\"bde-heading-85-197 bde-heading\" data-entrance=\"zoomOut\">\nPoprawa Zdrowia <br>Zwierz\u0105t\n<\/h1><img decoding=\"async\" class=\"bde-image2-85-202 bde-image2 frame\" src=\"https:\/\/zoofizjo.pl\/wp-content\/uploads\/2024\/11\/zoofizjoterapeutka-olga-remes_optimised.jpg\" loading=\"lazy\" srcset=\"https:\/\/zoofizjo.pl\/wp-content\/uploads\/2024\/11\/zoofizjoterapeutka-olga-remes_optimised.jpg 860w, https:\/\/zoofizjo.pl\/wp-content\/uploads\/2024\/11\/zoofizjoterapeutka-olga-remes_optimised-215x300.jpg 215w, https:\/\/zoofizjo.pl\/wp-content\/uploads\/2024\/11\/zoofizjoterapeutka-olga-remes_optimised-734x1024.jpg 734w, https:\/\/zoofizjo.pl\/wp-content\/uploads\/2024\/11\/zoofizjoterapeutka-olga-remes_optimised-768x1072.jpg 768w\" sizes=\"(max-width: 860px) 100vw, 860px\" data-entrance=\"slideUp\"><\/div>\n<\/section><section class=\"bde-section-85-206 bde-section\">\n  \n  \n\t\n\n\n\n<div class=\"section-container\"><div class=\"bde-text-85-170 bde-text\" data-entrance=\"fade\">\nJako serce i dusza Zoofizjo.pl, moje niezachwiane zaanga\u017cowanie w dobrostan zwierz\u0105t zawsze by\u0142o fundamentem mojej zawodowej drogi. Ka\u017cde zwierz\u0119, kt\u00f3re przekracza moje progi, to dla mnie okazja, by zrobi\u0107 r\u00f3\u017cnic\u0119. W Zoofizjo.pl oferuj\u0119 miejsce, kt\u00f3re jest oaz\u0105 zdrowia i regeneracji, zapewniaj\u0105c nowoczesne us\u0142ugi, takie jak terapia magnetyczna, terapie manualne, masa\u017c terapeutyczny, zaawansowana elektroterapia oraz spersonalizowane plany \u017cywieniowe.<br><br>Ka\u017cda z tych us\u0142ug to wi\u0119cej ni\u017c tylko zabieg \u2013 to cz\u0119\u015b\u0107 holistycznego podej\u015bcia, maj\u0105cego na celu popraw\u0119 dobrostanu i szcz\u0119\u015bcia Twoich ukochanych towarzyszy. Od leczenia ostrych uraz\u00f3w po zarz\u0105dzanie przewlek\u0142ymi schorzeniami, a szczeg\u00f3lnie z naciskiem na zdrowie neurologiczne, z pe\u0142nym zaanga\u017cowaniem tworz\u0119 indywidualne plany opieki. Dzi\u0119ki temu ka\u017cde zwierz\u0119 otrzymuje opiek\u0119 dostosowan\u0105 do swoich unikalnych potrzeb, z najwy\u017csz\u0105 trosk\u0105 i profesjonalizmem. Tutaj proces leczenia to nie tylko wynik ko\u0144cowy; to do\u015bwiadczenie, kt\u00f3re dziel\u0119 razem z Tob\u0105 i Twoim pupilem.\n<\/div><\/div>\n<\/section><section class=\"bde-section-85-207 bde-section\">\n  \n  \n\t\n\n\n\n<div class=\"section-container\"><div class=\"bde-columns-85-228 bde-columns\"><div class=\"bde-column-85-229 bde-column\">\n  \n  \n\t\n\n\n\n<img decoding=\"async\" class=\"bde-image2-85-231 bde-image2\" src=\"https:\/\/zoofizjo.pl\/wp-content\/uploads\/2026\/03\/matti-and-olga.png\" loading=\"lazy\" srcset=\"https:\/\/zoofizjo.pl\/wp-content\/uploads\/2026\/03\/matti-and-olga.png 661w, https:\/\/zoofizjo.pl\/wp-content\/uploads\/2026\/03\/matti-and-olga-300x300.png 300w, https:\/\/zoofizjo.pl\/wp-content\/uploads\/2026\/03\/matti-and-olga-150x150.png 150w\" sizes=\"(max-width: 661px) 100vw, 661px\" data-entrance=\"slideUp\">\n<\/div><div class=\"bde-column-85-230 bde-column\">\n  \n  \n\t\n\n\n\n<h2 class=\"bde-heading-85-232 bde-heading\">\nHistoria Zoofizjo.pl\n<\/h2><div class=\"bde-text-85-116 bde-text\">\nMoja droga do zostania certyfikowan\u0105 zoofizjoterapeutk\u0105 by\u0142a tak nieoczekiwana, jak prze\u0142omowa. Jako oddana opiekunka czw\u00f3rki wspania\u0142ych ps\u00f3w, moje \u017cycie zmieni\u0142o si\u0119 na zawsze, gdy u mojego owczarka niemieckiego zdiagnozowano dyskopati\u0119 kr\u0119gos\u0142upa, kt\u00f3ra doprowadzi\u0142a do parali\u017cu tylnych \u0142ap. Emocjonalny b\u00f3l, widz\u0105c j\u0105 w cierpieniu, r\u00f3wna\u0142 si\u0119 jedynie mojej determinacji, by znale\u017a\u0107 dla niej ulg\u0119.<br><br>Skomplikowany proces jej powrotu do zdrowia, od precyzyjnych obraz\u00f3w rezonansu magnetycznego po skrupulatne planowanie strategii leczenia z weterynarzami, by\u0142 podr\u00f3\u017c\u0105, kt\u00f3ra wystawi\u0142a nas na pr\u00f3b\u0119. To dzi\u0119ki wiedzy i umiej\u0119tno\u015bciom wyj\u0105tkowego zoofizjoterapeuty nasze nadzieje sta\u0142y si\u0119 rzeczywisto\u015bci\u0105 \u2013 poprzez zabiegi laseroterapii, terapii magnetycznej i masa\u017cy. Widz\u0105c, jak te terapie znacz\u0105co przyspieszy\u0142y jej powr\u00f3t do zdrowia, poczu\u0142am, \u017ce rodzi si\u0119 we mnie pasja, kt\u00f3rej nie mog\u0142am zignorowa\u0107.<br><br>Ta podr\u00f3\u017c nie by\u0142a tylko drog\u0105 ku uzdrowieniu \u2013 by\u0142a r\u00f3wnie\u017c odkryciem. Transformacja, kt\u00f3r\u0105 widzia\u0142am w moim psie, zafascynowa\u0142a mnie do g\u0142\u0119bi i zainspirowa\u0142a do zg\u0142\u0119bienia nauki i sztuki rehabilitacji zwierz\u0105t. Z t\u0105 pasj\u0105, nap\u0119dzan\u0105 mi\u0142o\u015bci\u0105 do mojego psiego towarzysza, postanowi\u0142am zosta\u0107 certyfikowan\u0105 zoofizjoterapeutk\u0105.<br><br>M\u00f3j kurs odzwierciedla\u0142 to zaanga\u017cowanie, kt\u00f3re widzia\u0142am w oczach terapeut\u00f3w pomagaj\u0105cych mojemu psu ponownie chodzi\u0107. Uko\u0144czy\u0142am go z wynikiem 98 na 100 punkt\u00f3w, co nie tylko da\u0142o mi certyfikat, ale r\u00f3wnie\u017c potwierdzi\u0142o, \u017ce znalaz\u0142am swoje powo\u0142anie. Teraz, w Zoofizjo.pl, wykorzystuj\u0119 ca\u0142\u0105 swoj\u0105 wiedz\u0119, wsp\u00f3\u0142czucie i do\u015bwiadczenie, aby ka\u017cde zwierz\u0119 mia\u0142o szans\u0119 na pe\u0142ne, szcz\u0119\u015bliwe \u017cycie \u2013 tak, jak m\u00f3j pies.\n<\/div>\n<\/div><\/div><\/div>\n<\/section><section class=\"bde-section-85-172 bde-section\">\n  \n  \n\t\n\n\n\n<div class=\"section-container\"><h2 class=\"bde-heading-85-127 bde-heading\">\nCERTYFIKATY\n<\/h2><div class=\"bde-div-85-208 bde-div\">\n  \n  \n\t\n\n\n\n<div class=\"bde-image-85-210 bde-image frame\">\n<figure class=\"breakdance-image breakdance-image--173\">\n\t<div class=\"breakdance-image-container\">\n\t\t<div class=\"breakdance-image-clip\"><img loading=\"lazy\" decoding=\"async\" class=\"breakdance-image-object\" src=\"https:\/\/zoofizjo.pl\/wp-content\/uploads\/2024\/11\/masterson-certificate.jpg\" width=\"1650\" height=\"1275\" srcset=\"https:\/\/zoofizjo.pl\/wp-content\/uploads\/2024\/11\/masterson-certificate.jpg 1650w, https:\/\/zoofizjo.pl\/wp-content\/uploads\/2024\/11\/masterson-certificate-300x232.jpg 300w, https:\/\/zoofizjo.pl\/wp-content\/uploads\/2024\/11\/masterson-certificate-1024x791.jpg 1024w, https:\/\/zoofizjo.pl\/wp-content\/uploads\/2024\/11\/masterson-certificate-768x593.jpg 768w, https:\/\/zoofizjo.pl\/wp-content\/uploads\/2024\/11\/masterson-certificate-1536x1187.jpg 1536w\" sizes=\"auto, (max-width: 1650px) 100vw, 1650px\"><\/div>\n\t<\/div><\/figure>\n\n<\/div><div class=\"bde-image-85-224 bde-image frame\">\n<figure class=\"breakdance-image breakdance-image--275\">\n\t<div class=\"breakdance-image-container\">\n\t\t<div class=\"breakdance-image-clip\"><img loading=\"lazy\" decoding=\"async\" class=\"breakdance-image-object\" src=\"https:\/\/zoofizjo.pl\/wp-content\/uploads\/2026\/03\/Olga-Remes-Introducing-Movement-Certificate.jpg\" width=\"792\" height=\"612\" srcset=\"https:\/\/zoofizjo.pl\/wp-content\/uploads\/2026\/03\/Olga-Remes-Introducing-Movement-Certificate.jpg 792w, https:\/\/zoofizjo.pl\/wp-content\/uploads\/2026\/03\/Olga-Remes-Introducing-Movement-Certificate-300x232.jpg 300w, https:\/\/zoofizjo.pl\/wp-content\/uploads\/2026\/03\/Olga-Remes-Introducing-Movement-Certificate-768x593.jpg 768w\" sizes=\"auto, (max-width: 792px) 100vw, 792px\"><\/div>\n\t<\/div><\/figure>\n\n<\/div><div class=\"bde-image-85-212 bde-image frame\">\n<figure class=\"breakdance-image breakdance-image--135\">\n\t<div class=\"breakdance-image-container\">\n\t\t<div class=\"breakdance-image-clip\"><img loading=\"lazy\" decoding=\"async\" class=\"breakdance-image-object\" src=\"https:\/\/zoofizjo.pl\/wp-content\/uploads\/2024\/11\/dietitian.jpg\" width=\"849\" height=\"1200\" srcset=\"https:\/\/zoofizjo.pl\/wp-content\/uploads\/2024\/11\/dietitian.jpg 849w, https:\/\/zoofizjo.pl\/wp-content\/uploads\/2024\/11\/dietitian-212x300.jpg 212w, https:\/\/zoofizjo.pl\/wp-content\/uploads\/2024\/11\/dietitian-724x1024.jpg 724w, https:\/\/zoofizjo.pl\/wp-content\/uploads\/2024\/11\/dietitian-768x1086.jpg 768w\" sizes=\"auto, (max-width: 849px) 100vw, 849px\"><\/div>\n\t<\/div><\/figure>\n\n<\/div><div class=\"bde-image-85-213 bde-image frame\">\n<figure class=\"breakdance-image breakdance-image--137\">\n\t<div class=\"breakdance-image-container\">\n\t\t<div class=\"breakdance-image-clip\"><img loading=\"lazy\" decoding=\"async\" class=\"breakdance-image-object\" src=\"https:\/\/zoofizjo.pl\/wp-content\/uploads\/2024\/11\/neurorehab-functional-seminar.jpg\" width=\"849\" height=\"1200\" srcset=\"https:\/\/zoofizjo.pl\/wp-content\/uploads\/2024\/11\/neurorehab-functional-seminar.jpg 849w, https:\/\/zoofizjo.pl\/wp-content\/uploads\/2024\/11\/neurorehab-functional-seminar-212x300.jpg 212w, https:\/\/zoofizjo.pl\/wp-content\/uploads\/2024\/11\/neurorehab-functional-seminar-724x1024.jpg 724w, https:\/\/zoofizjo.pl\/wp-content\/uploads\/2024\/11\/neurorehab-functional-seminar-768x1086.jpg 768w\" sizes=\"auto, (max-width: 849px) 100vw, 849px\"><\/div>\n\t<\/div><\/figure>\n\n<\/div><div class=\"bde-image-85-214 bde-image frame\">\n<figure class=\"breakdance-image breakdance-image--122\">\n\t<div class=\"breakdance-image-container\">\n\t\t<div class=\"breakdance-image-clip\"><img loading=\"lazy\" decoding=\"async\" class=\"breakdance-image-object\" src=\"https:\/\/zoofizjo.pl\/wp-content\/uploads\/2024\/11\/1730886159259-01e6b4d6-73e7-4fa9-ade8-9836e6a5a2e4_1.jpg\" width=\"731\" height=\"1024\" srcset=\"https:\/\/zoofizjo.pl\/wp-content\/uploads\/2024\/11\/1730886159259-01e6b4d6-73e7-4fa9-ade8-9836e6a5a2e4_1.jpg 731w, https:\/\/zoofizjo.pl\/wp-content\/uploads\/2024\/11\/1730886159259-01e6b4d6-73e7-4fa9-ade8-9836e6a5a2e4_1-214x300.jpg 214w\" sizes=\"auto, (max-width: 731px) 100vw, 731px\"><\/div>\n\t<\/div><\/figure>\n\n<\/div><div class=\"bde-image-85-221 bde-image frame\">\n<figure class=\"breakdance-image breakdance-image--278\">\n\t<div class=\"breakdance-image-container\">\n\t\t<div class=\"breakdance-image-clip\"><img loading=\"lazy\" decoding=\"async\" class=\"breakdance-image-object\" src=\"https:\/\/zoofizjo.pl\/wp-content\/uploads\/2026\/03\/img20260305_21221275.jpg\" width=\"595\" height=\"841\" srcset=\"https:\/\/zoofizjo.pl\/wp-content\/uploads\/2026\/03\/img20260305_21221275.jpg 595w, https:\/\/zoofizjo.pl\/wp-content\/uploads\/2026\/03\/img20260305_21221275-212x300.jpg 212w\" sizes=\"auto, (max-width: 595px) 100vw, 595px\"><\/div>\n\t<\/div><\/figure>\n\n<\/div><div class=\"bde-image-85-216 bde-image frame\">\n<figure class=\"breakdance-image breakdance-image--121\">\n\t<div class=\"breakdance-image-container\">\n\t\t<div class=\"breakdance-image-clip\"><img loading=\"lazy\" decoding=\"async\" class=\"breakdance-image-object\" src=\"https:\/\/zoofizjo.pl\/wp-content\/uploads\/2024\/11\/1730886068433-b139d626-05fe-41fe-8dcb-e1c67063f42e_1.jpg\" width=\"1024\" height=\"726\" srcset=\"https:\/\/zoofizjo.pl\/wp-content\/uploads\/2024\/11\/1730886068433-b139d626-05fe-41fe-8dcb-e1c67063f42e_1.jpg 1024w, https:\/\/zoofizjo.pl\/wp-content\/uploads\/2024\/11\/1730886068433-b139d626-05fe-41fe-8dcb-e1c67063f42e_1-300x213.jpg 300w, https:\/\/zoofizjo.pl\/wp-content\/uploads\/2024\/11\/1730886068433-b139d626-05fe-41fe-8dcb-e1c67063f42e_1-768x545.jpg 768w\" sizes=\"auto, (max-width: 1024px) 100vw, 1024px\"><\/div>\n\t<\/div><\/figure>\n\n<\/div><div class=\"bde-image-85-217 bde-image frame\">\n<figure class=\"breakdance-image breakdance-image--119\">\n\t<div class=\"breakdance-image-container\">\n\t\t<div class=\"breakdance-image-clip\"><img loading=\"lazy\" decoding=\"async\" class=\"breakdance-image-object\" src=\"https:\/\/zoofizjo.pl\/wp-content\/uploads\/2024\/11\/1730885821703-2762924f-c9f9-4b6b-8d00-74dac53ba745_1.jpg\" width=\"1024\" height=\"726\" srcset=\"https:\/\/zoofizjo.pl\/wp-content\/uploads\/2024\/11\/1730885821703-2762924f-c9f9-4b6b-8d00-74dac53ba745_1.jpg 1024w, https:\/\/zoofizjo.pl\/wp-content\/uploads\/2024\/11\/1730885821703-2762924f-c9f9-4b6b-8d00-74dac53ba745_1-300x213.jpg 300w, https:\/\/zoofizjo.pl\/wp-content\/uploads\/2024\/11\/1730885821703-2762924f-c9f9-4b6b-8d00-74dac53ba745_1-768x545.jpg 768w\" sizes=\"auto, (max-width: 1024px) 100vw, 1024px\"><\/div>\n\t<\/div><\/figure>\n\n<\/div><div class=\"bde-image-85-211 bde-image frame\">\n<figure class=\"breakdance-image breakdance-image--136\">\n\t<div class=\"breakdance-image-container\">\n\t\t<div class=\"breakdance-image-clip\"><img loading=\"lazy\" decoding=\"async\" class=\"breakdance-image-object\" src=\"https:\/\/zoofizjo.pl\/wp-content\/uploads\/2024\/11\/neuro-rehab-conference-e1730889913989.jpg\" width=\"1200\" height=\"849\" srcset=\"https:\/\/zoofizjo.pl\/wp-content\/uploads\/2024\/11\/neuro-rehab-conference-e1730889913989.jpg 1200w, https:\/\/zoofizjo.pl\/wp-content\/uploads\/2024\/11\/neuro-rehab-conference-e1730889913989-300x212.jpg 300w, https:\/\/zoofizjo.pl\/wp-content\/uploads\/2024\/11\/neuro-rehab-conference-e1730889913989-1024x724.jpg 1024w, https:\/\/zoofizjo.pl\/wp-content\/uploads\/2024\/11\/neuro-rehab-conference-e1730889913989-768x543.jpg 768w\" sizes=\"auto, (max-width: 1200px) 100vw, 1200px\"><\/div>\n\t<\/div><\/figure>\n\n<\/div><div class=\"bde-image-85-227 bde-image frame\">\n<figure class=\"breakdance-image breakdance-image--279\">\n\t<div class=\"breakdance-image-container\">\n\t\t<div class=\"breakdance-image-clip\"><img loading=\"lazy\" decoding=\"async\" class=\"breakdance-image-object\" src=\"https:\/\/zoofizjo.pl\/wp-content\/uploads\/2026\/03\/img20260305_21221275-copy.jpg\" width=\"841\" height=\"595\" srcset=\"https:\/\/zoofizjo.pl\/wp-content\/uploads\/2026\/03\/img20260305_21221275-copy.jpg 841w, https:\/\/zoofizjo.pl\/wp-content\/uploads\/2026\/03\/img20260305_21221275-copy-300x212.jpg 300w, https:\/\/zoofizjo.pl\/wp-content\/uploads\/2026\/03\/img20260305_21221275-copy-768x543.jpg 768w\" sizes=\"auto, (max-width: 841px) 100vw, 841px\"><\/div>\n\t<\/div><\/figure>\n\n<\/div><div class=\"bde-image-85-226 bde-image frame\">\n<figure class=\"breakdance-image breakdance-image--280\">\n\t<div class=\"breakdance-image-container\">\n\t\t<div class=\"breakdance-image-clip\"><img loading=\"lazy\" decoding=\"async\" class=\"breakdance-image-object\" src=\"https:\/\/zoofizjo.pl\/wp-content\/uploads\/2026\/03\/Cupping-Certificate.jpg\" width=\"842\" height=\"595\" srcset=\"https:\/\/zoofizjo.pl\/wp-content\/uploads\/2026\/03\/Cupping-Certificate.jpg 842w, https:\/\/zoofizjo.pl\/wp-content\/uploads\/2026\/03\/Cupping-Certificate-300x212.jpg 300w, https:\/\/zoofizjo.pl\/wp-content\/uploads\/2026\/03\/Cupping-Certificate-768x543.jpg 768w\" sizes=\"auto, (max-width: 842px) 100vw, 842px\"><\/div>\n\t<\/div><\/figure>\n\n<\/div><div class=\"bde-image-85-225 bde-image frame\">\n<figure class=\"breakdance-image breakdance-image--277\">\n\t<div class=\"breakdance-image-container\">\n\t\t<div class=\"breakdance-image-clip\"><img loading=\"lazy\" decoding=\"async\" class=\"breakdance-image-object\" src=\"https:\/\/zoofizjo.pl\/wp-content\/uploads\/2026\/03\/certificate-5.jpg\" width=\"841\" height=\"595\" srcset=\"https:\/\/zoofizjo.pl\/wp-content\/uploads\/2026\/03\/certificate-5.jpg 841w, https:\/\/zoofizjo.pl\/wp-content\/uploads\/2026\/03\/certificate-5-300x212.jpg 300w, https:\/\/zoofizjo.pl\/wp-content\/uploads\/2026\/03\/certificate-5-768x543.jpg 768w\" sizes=\"auto, (max-width: 841px) 100vw, 841px\"><\/div>\n\t<\/div><\/figure>\n\n<\/div><div class=\"bde-image-85-223 bde-image frame\">\n<figure class=\"breakdance-image breakdance-image--276\">\n\t<div class=\"breakdance-image-container\">\n\t\t<div class=\"breakdance-image-clip\"><img loading=\"lazy\" decoding=\"async\" class=\"breakdance-image-object\" src=\"https:\/\/zoofizjo.pl\/wp-content\/uploads\/2026\/03\/certificate-4.jpg\" width=\"841\" height=\"595\" srcset=\"https:\/\/zoofizjo.pl\/wp-content\/uploads\/2026\/03\/certificate-4.jpg 841w, https:\/\/zoofizjo.pl\/wp-content\/uploads\/2026\/03\/certificate-4-300x212.jpg 300w, https:\/\/zoofizjo.pl\/wp-content\/uploads\/2026\/03\/certificate-4-768x543.jpg 768w\" sizes=\"auto, (max-width: 841px) 100vw, 841px\"><\/div>\n\t<\/div><\/figure>\n\n<\/div><div class=\"bde-image-85-222 bde-image frame\">\n<figure class=\"breakdance-image breakdance-image--274\">\n\t<div class=\"breakdance-image-container\">\n\t\t<div class=\"breakdance-image-clip\"><img loading=\"lazy\" decoding=\"async\" class=\"breakdance-image-object\" src=\"https:\/\/zoofizjo.pl\/wp-content\/uploads\/2026\/03\/certificate-3.jpg\" width=\"841\" height=\"595\" srcset=\"https:\/\/zoofizjo.pl\/wp-content\/uploads\/2026\/03\/certificate-3.jpg 841w, https:\/\/zoofizjo.pl\/wp-content\/uploads\/2026\/03\/certificate-3-300x212.jpg 300w, https:\/\/zoofizjo.pl\/wp-content\/uploads\/2026\/03\/certificate-3-768x543.jpg 768w\" sizes=\"auto, (max-width: 841px) 100vw, 841px\"><\/div>\n\t<\/div><\/figure>\n\n<\/div><div class=\"bde-image-85-215 bde-image frame\">\n<figure class=\"breakdance-image breakdance-image--90\">\n\t<div class=\"breakdance-image-container\">\n\t\t<div class=\"breakdance-image-clip\"><img loading=\"lazy\" decoding=\"async\" class=\"breakdance-image-object\" src=\"https:\/\/zoofizjo.pl\/wp-content\/uploads\/2024\/02\/certificate-frame.png\" width=\"1002\" height=\"1200\" srcset=\"https:\/\/zoofizjo.pl\/wp-content\/uploads\/2024\/02\/certificate-frame.png 1002w, https:\/\/zoofizjo.pl\/wp-content\/uploads\/2024\/02\/certificate-frame-251x300.png 251w, https:\/\/zoofizjo.pl\/wp-content\/uploads\/2024\/02\/certificate-frame-855x1024.png 855w, https:\/\/zoofizjo.pl\/wp-content\/uploads\/2024\/02\/certificate-frame-768x920.png 768w\" sizes=\"auto, (max-width: 1002px) 100vw, 1002px\"><\/div>\n\t<\/div><\/figure>\n\n<\/div>\n<\/div><\/div>\n<\/section>","protected":false},"excerpt":{"rendered":"<p>Poprawa Zdrowia Zwierz\u0105t Jako serce i dusza Zoofizjo.pl, moje niezachwiane zaanga\u017cowanie w dobrostan zwierz\u0105t zawsze by\u0142o fundamentem mojej zawodowej drogi. Ka\u017cde zwierz\u0119, kt\u00f3re przekracza moje progi, to dla mnie okazja, by zrobi\u0107 r\u00f3\u017cnic\u0119. W Zoofizjo.pl oferuj\u0119 miejsce, kt\u00f3re jest oaz\u0105 zdrowia i regeneracji, zapewniaj\u0105c nowoczesne us\u0142ugi, takie jak terapia magnetyczna, terapie manualne, masa\u017c terapeutyczny, zaawansowana [&hellip;]<\/p>\n","protected":false},"author":1,"featured_media":0,"parent":0,"menu_order":0,"comment_status":"closed","ping_status":"closed","template":"","meta":{"_breakdance_hide_in_design_set":false,"_breakdance_tags":"","footnotes":""},"class_list":["post-85","page","type-page","status-publish","hentry"],"_links":{"self":[{"href":"https:\/\/zoofizjo.pl\/index.php\/wp-json\/wp\/v2\/pages\/85","targetHints":{"allow":["GET"]}}],"collection":[{"href":"https:\/\/zoofizjo.pl\/index.php\/wp-json\/wp\/v2\/pages"}],"about":[{"href":"https:\/\/zoofizjo.pl\/index.php\/wp-json\/wp\/v2\/types\/page"}],"author":[{"embeddable":true,"href":"https:\/\/zoofizjo.pl\/index.php\/wp-json\/wp\/v2\/users\/1"}],"replies":[{"embeddable":true,"href":"https:\/\/zoofizjo.pl\/index.php\/wp-json\/wp\/v2\/comments?post=85"}],"version-history":[{"count":25,"href":"https:\/\/zoofizjo.pl\/index.php\/wp-json\/wp\/v2\/pages\/85\/revisions"}],"predecessor-version":[{"id":289,"href":"https:\/\/zoofizjo.pl\/index.php\/wp-json\/wp\/v2\/pages\/85\/revisions\/289"}],"wp:attachment":[{"href":"https:\/\/zoofizjo.pl\/index.php\/wp-json\/wp\/v2\/media?parent=85"}],"curies":[{"name":"wp","href":"https:\/\/api.w.org\/{rel}","templated":true}]}}