{"id":319,"date":"2026-03-11T09:14:48","date_gmt":"2026-03-11T09:14:48","guid":{"rendered":"https:\/\/zoofizjo.pl\/?page_id=319"},"modified":"2026-03-11T19:14:32","modified_gmt":"2026-03-11T19:14:32","slug":"uslugi","status":"publish","type":"page","link":"https:\/\/zoofizjo.pl\/index.php\/uslugi\/","title":{"rendered":"Us\u0142ugi"},"content":{"rendered":"<section class=\"bde-section-319-100 bde-section\">\n  \n  \n\t\n\n\n\n<div class=\"section-container\"><h1 class=\"bde-heading-319-101 bde-heading\" data-entrance=\"zoomOut\">\nUs\u0142ugi\n<\/h1><h2 class=\"bde-heading-319-102 bde-heading\" data-entrance=\"fade\">\nZabiegi fizykalne\n<\/h2><div class=\"bde-grid-319-103 bde-grid\" data-entrance=\"slideUp\">\n  \n  \n\t\n\n\n\n<div class=\"bde-div-319-104 bde-div service_wraper\">\n  \n  \n\t\n\n\n\n<div class=\"bde-div-319-105 bde-div title_icon\">\n  \n  \n\t\n\n\n\n<img decoding=\"async\" class=\"bde-image2-319-108 bde-image2\" src=\"https:\/\/zoofizjo.pl\/wp-content\/uploads\/2026\/03\/ENF-ElectroNeuroFeedback-2.png\" loading=\"lazy\" srcset=\"https:\/\/zoofizjo.pl\/wp-content\/uploads\/2026\/03\/ENF-ElectroNeuroFeedback-2.png 342w, https:\/\/zoofizjo.pl\/wp-content\/uploads\/2026\/03\/ENF-ElectroNeuroFeedback-2-253x300.png 253w\" sizes=\"(max-width: 342px) 100vw, 342px\"><div class=\"bde-div-319-123 bde-div time\">\n  \n  \n\t\n\n\n\n<div class=\"bde-text-319-122 bde-text time_min\">\n30\n<\/div><div class=\"bde-text-319-124 bde-text min\">\nmin\n<\/div>\n<\/div>\n<\/div><div class=\"bde-rich-text-319-136 bde-rich-text breakdance-rich-text-styles\">\n<h3>ENF (ElectroNeuroFeedback)<\/h3><p>Nowoczesna, nieinwazyjna metoda fizykalna, kt\u00f3ra odczytuje op\u00f3r sk\u00f3ry i automatycznie dostosowuje impulsy elektryczne do potrzeb danego organizmu. Jest to innowacyjna metoda, kt\u00f3ra stymuluje uk\u0142ad nerwowy i przywraca r\u00f3wnowag\u0119 bioelektryczn\u0105 kom\u00f3rek. Efekty s\u0105 widoczne ju\u017c po pierwszej terapii. Zalecana w:<\/p><ul role=\"list\"><li><strong>stanach pooperacyjnych<\/strong><\/li><li><strong>neuropatiach<\/strong><\/li><li><strong>urazach mi\u0119\u015bni i \u015bci\u0119gien<\/strong><\/li><li><strong>terapiach blizn<\/strong><\/li><li><strong>redukcji przykurcz\u00f3w mi\u0119\u015bni<\/strong><\/li><\/ul><p>Dzi\u0119ki ENF Vet jestem w stanie u\u015bmierzy\u0107 b\u00f3l ostry i przewlek\u0142y, zregenerowa\u0107 tkanki, a nawet przeprowadzi\u0107 drena\u017c g\u0142\u0119boki. Jest to metoda bezpieczna r\u00f3wnie\u017c dla pacjent\u00f3w z protezami. Zabieg trwa ok. 30min.<\/p>\n<\/div>\n<\/div><div class=\"bde-div-319-109 bde-div service_wraper\">\n  \n  \n\t\n\n\n\n<div class=\"bde-div-319-110 bde-div title_icon\">\n  \n  \n\t\n\n\n\n<img decoding=\"async\" class=\"bde-image2-319-111 bde-image2\" src=\"https:\/\/zoofizjo.pl\/wp-content\/uploads\/2026\/03\/Laseroterapia-niskoenergetyczna.png\" loading=\"lazy\" srcset=\"https:\/\/zoofizjo.pl\/wp-content\/uploads\/2026\/03\/Laseroterapia-niskoenergetyczna.png 336w, https:\/\/zoofizjo.pl\/wp-content\/uploads\/2026\/03\/Laseroterapia-niskoenergetyczna-267x300.png 267w\" sizes=\"(max-width: 336px) 100vw, 336px\"><div class=\"bde-div-319-128 bde-div time\">\n  \n  \n\t\n\n\n\n<div class=\"bde-text-319-129 bde-text time_min\">\n30\n<\/div><div class=\"bde-text-319-130 bde-text min\">\nmin\n<\/div>\n<\/div>\n<\/div><div class=\"bde-rich-text-319-134 bde-rich-text breakdance-rich-text-styles\">\n<h3>Laseroterapia niskoenergetyczna<\/h3><p>Jest to zabieg, kt\u00f3ry zmniejsza b\u00f3l, redukuje stany zapalne oraz przyspiesza rekonwalescencj\u0119 w:<\/p><ul role=\"list\"><li><strong>Zmianach zwyrodnieniowych kr\u0119gos\u0142upa<\/strong><\/li><li><strong>dysplazji staw\u00f3w biodrowych i \u0142okciowych<\/strong><\/li><li><strong>naci\u0105gni\u0119ciach \u015bci\u0119gien i wi\u0119zade\u0142<\/strong><\/li><li><strong>stanach pooperacyjnych<\/strong><\/li><li><strong>neuropatiach<\/strong><\/li><\/ul><p>Jest to zabieg bezbolesny, a wr\u0119cz relaksuj\u0105cy dla pacjenta. <br \/>Czas trwania terapii wynosi ok. 30min.<\/p>\n<\/div>\n<\/div><div class=\"bde-div-319-113 bde-div service_wraper\">\n  \n  \n\t\n\n\n\n<div class=\"bde-div-319-114 bde-div title_icon\">\n  \n  \n\t\n\n\n\n<img decoding=\"async\" class=\"bde-image2-319-115 bde-image2\" src=\"https:\/\/zoofizjo.pl\/wp-content\/uploads\/2026\/03\/Magnetoterapia.png\" loading=\"lazy\" srcset=\"https:\/\/zoofizjo.pl\/wp-content\/uploads\/2026\/03\/Magnetoterapia.png 366w, https:\/\/zoofizjo.pl\/wp-content\/uploads\/2026\/03\/Magnetoterapia-292x300.png 292w\" sizes=\"(max-width: 366px) 100vw, 366px\"><div class=\"bde-div-319-131 bde-div time\">\n  \n  \n\t\n\n\n\n<div class=\"bde-text-319-132 bde-text time_min\">\n30\n<\/div><div class=\"bde-text-319-133 bde-text min\">\nmin\n<\/div>\n<\/div>\n<\/div><div class=\"bde-rich-text-319-116 bde-rich-text breakdance-rich-text-styles\">\n<h3>Magnetoterapia<\/h3><p>Metoda wykorzystuje pole magnetyczne niskiej cz\u0119stotliwo\u015bci, kt\u00f3re redukuje b\u00f3l, stany zapalne oraz regeneruje tkanki. Wskazana w:<\/p><ul role=\"list\"><li>stanach pooperacyjnych<\/li><li>z\u0142amaniach<\/li><li>chorobach zwyrodnieniowych staw\u00f3w<\/li><li>dyskopatiach, pora\u017ceniach nerw\u00f3w<\/li><li>regeneracji u ps\u00f3w sportowych<\/li><\/ul><p>Zabieg jest nieinwazyjny, pacjent le\u017cy w aplikatorze zwanym <br \/>solenoidem przez ok. 30min.<\/p>\n<\/div>\n<\/div><div class=\"bde-div-319-117 bde-div service_wraper\">\n  \n  \n\t\n\n\n\n<div class=\"bde-div-319-118 bde-div title_icon\">\n  \n  \n\t\n\n\n\n<img decoding=\"async\" class=\"bde-image2-319-119 bde-image2\" src=\"https:\/\/zoofizjo.pl\/wp-content\/uploads\/2026\/03\/Elektroterapia.png\" loading=\"lazy\" srcset=\"https:\/\/zoofizjo.pl\/wp-content\/uploads\/2026\/03\/Elektroterapia.png 384w, https:\/\/zoofizjo.pl\/wp-content\/uploads\/2026\/03\/Elektroterapia-300x300.png 300w, https:\/\/zoofizjo.pl\/wp-content\/uploads\/2026\/03\/Elektroterapia-150x150.png 150w\" sizes=\"(max-width: 384px) 100vw, 384px\"><div class=\"bde-div-319-168 bde-div\">\n  \n  \n\t\n\n\n\n<div class=\"bde-div-319-125 bde-div time\">\n  \n  \n\t\n\n\n\n<div class=\"bde-text-319-126 bde-text time_min\">\n10-15\n<\/div><div class=\"bde-text-319-127 bde-text min\">\nmin\n<\/div>\n<\/div><div class=\"bde-text-319-169 bde-text\">\nna dan\u0105 parti\u0119 cia\u0142a.\n<\/div>\n<\/div>\n<\/div><div class=\"bde-rich-text-319-135 bde-rich-text breakdance-rich-text-styles\">\n<h3>Elektroterapia<\/h3><p>Terapie TENS oraz EMS maj\u0105 za zadanie u\u015bmierzy\u0107 b\u00f3l, poprawi\u0107 atrofi\u0119 mi\u0119\u015bni oraz przyspieszy\u0107 gojenie tkanek w takich przypadkach jak:<\/p><ul role=\"list\"><li>problemy neurologiczne<\/li><li>niedow\u0142ady<\/li><li>zaniki mi\u0119\u015bni<\/li><li>zesp\u00f3l ko\u0144skiego ogona<\/li><li>b\u00f3le pooperacyjne<\/li><\/ul><p>Zabieg trwa ok. 10-15min na dan\u0105 parti\u0119 cia\u0142a.<\/p>\n<\/div>\n<\/div>\n<\/div><\/div>\n<\/section><section class=\"bde-section-319-121 bde-section\">\n  \n  \n\t\n\n\n\n<div class=\"section-container\"><h2 class=\"bde-heading-319-137 bde-heading\" data-entrance=\"fade\">\nTerapie manualne\n<\/h2><div class=\"bde-grid-319-138 bde-grid\" data-entrance=\"slideUp\">\n  \n  \n\t\n\n\n\n<div class=\"bde-div-319-139 bde-div service_wraper2\">\n  \n  \n\t\n\n\n\n<div class=\"bde-div-319-140 bde-div title_icon\">\n  \n  \n\t\n\n\n\n<img decoding=\"async\" class=\"bde-image2-319-141 bde-image2\" src=\"https:\/\/zoofizjo.pl\/wp-content\/uploads\/2026\/03\/Pinopresura-1.png\" loading=\"lazy\" srcset=\"https:\/\/zoofizjo.pl\/wp-content\/uploads\/2026\/03\/Pinopresura-1.png 536w, https:\/\/zoofizjo.pl\/wp-content\/uploads\/2026\/03\/Pinopresura-1-300x221.png 300w\" sizes=\"(max-width: 536px) 100vw, 536px\"><div class=\"bde-div-319-142 bde-div time\">\n  \n  \n\t\n\n\n\n<div class=\"bde-text-319-143 bde-text time_min\">\n40\n<\/div><div class=\"bde-text-319-144 bde-text min\">\nmin\n<\/div>\n<\/div>\n<\/div><div class=\"bde-rich-text-319-145 bde-rich-text breakdance-rich-text-styles\">\n<h3>Pinopresura<\/h3><p>Metoda terapeutyczna, w kt\u00f3rej wykorzystywane s\u0105 narz\u0119dzia zwane pinami oraz katami. Ma na celu stymulowanie okre\u015blonych punkt\u00f3w w ciele, aby uruchomi\u0107 procesy samo naprawcze organizmu. G\u0142\u00f3wne wskazania do pinopresury to:<\/p><ul role=\"list\"><li>napi\u0119cia mi\u0119\u015bniowo-powi\u0119ziowe<\/li><li>blizny<\/li><li>stany pooperacyjne i pourazowe<\/li><li>sztywno\u015b\u0107 staw\u00f3w<\/li><li>ostre i przewlek\u0142e stany b\u00f3lowe<\/li><\/ul><p>Pacjent zazwyczaj jest zrelaksowany podczas terapii, jej czas wynosi ok. 40min.<\/p>\n<\/div>\n<\/div><div class=\"bde-div-319-146 bde-div service_wraper2\">\n  \n  \n\t\n\n\n\n<div class=\"bde-div-319-147 bde-div title_icon\">\n  \n  \n\t\n\n\n\n<img decoding=\"async\" class=\"bde-image2-319-148 bde-image2\" src=\"https:\/\/zoofizjo.pl\/wp-content\/uploads\/2026\/03\/Terapia-Powieziowa-Stecco.png\" loading=\"lazy\" srcset=\"https:\/\/zoofizjo.pl\/wp-content\/uploads\/2026\/03\/Terapia-Powieziowa-Stecco.png 420w, https:\/\/zoofizjo.pl\/wp-content\/uploads\/2026\/03\/Terapia-Powieziowa-Stecco-300x220.png 300w\" sizes=\"(max-width: 420px) 100vw, 420px\"><div class=\"bde-div-319-149 bde-div time\">\n  \n  \n\t\n\n\n\n<div class=\"bde-text-319-150 bde-text time_min\">\n60\n<\/div><div class=\"bde-text-319-151 bde-text min\">\nmin\n<\/div>\n<\/div>\n<\/div><div class=\"bde-rich-text-319-152 bde-rich-text breakdance-rich-text-styles\">\n<h3>Terapia Powi\u0119ziowa Stecco <br \/>(Canine Fascial Manipulation\u00ae)<\/h3><p>Jest to metoda, kt\u00f3ra ma za zadanie uwolnienie napi\u0119\u0107 w tkankach <br \/>mi\u0119\u015bniowo-powi\u0119ziowych, dzi\u0119ki czemu jest widoczna poprawa w <br \/>elastyczno\u015bci ca\u0142ego uk\u0142adu mi\u0119\u015bniowo-szkieletowego. <br \/>Jest pomocna przy takich dolegliwo\u015bciach jak:<\/p><ul role=\"list\"><li>dysplazje \u0142okciowe oraz biodrowe<\/li><li>napi\u0119cie i sztywno\u015b\u0107 tkanek<\/li><li>trudno\u015bci ze wstawaniem<\/li><li>poprawa ruchu u ps\u00f3w sportowych<\/li><li>b\u00f3le kr\u0119gos\u0142upa<\/li><\/ul><p>Po terapii widoczne jest rozlu\u017anienie tkanek, pacjent lepiej wypoczywa oraz ma wi\u0119ksze zakresy ruch\u00f3w. Terapia trwa ok. 60min.<\/p>\n<\/div>\n<\/div><div class=\"bde-div-319-153 bde-div service_wraper2\">\n  \n  \n\t\n\n\n\n<div class=\"bde-div-319-154 bde-div title_icon\">\n  \n  \n\t\n\n\n\n<img decoding=\"async\" class=\"bde-image2-319-155 bde-image2\" src=\"https:\/\/zoofizjo.pl\/wp-content\/uploads\/2026\/03\/Masaz-terapeutyczny.png\" loading=\"lazy\" srcset=\"https:\/\/zoofizjo.pl\/wp-content\/uploads\/2026\/03\/Masaz-terapeutyczny.png 448w, https:\/\/zoofizjo.pl\/wp-content\/uploads\/2026\/03\/Masaz-terapeutyczny-300x281.png 300w\" sizes=\"(max-width: 448px) 100vw, 448px\"><div class=\"bde-div-319-156 bde-div time\">\n  \n  \n\t\n\n\n\n<div class=\"bde-text-319-157 bde-text time_min\">\n60\n<\/div><div class=\"bde-text-319-158 bde-text min\">\nmin\n<\/div>\n<\/div>\n<\/div><div class=\"bde-rich-text-319-159 bde-rich-text breakdance-rich-text-styles\">\n<h3>Masa\u017c terapeutyczny<\/h3><p>Poprawia ruchomo\u015b\u0107 staw\u00f3w oraz przyspiesza rekonwalescencj\u0119 po zabiegach operacyjnych. Jest wskazany przy:<\/p><ul role=\"list\"><li>problemach neurologicznych<\/li><li>wszelkich schorze\u0144 uk\u0142adu mi\u0119\u015bniowo-szkieletowego<\/li><li>problemach mi\u0119\u015bniowych<\/li><li>wsparciu ps\u00f3w sportowych<\/li><li>problemach z uk\u0142adem kr\u0105\u017cenia<\/li><\/ul><p>Masa\u017c terapeutyczny jest niezb\u0119dny dla poprawy funkcjonalno\u015bci pacjenta, zar\u00f3wno w stanach pooperacyjnych oraz jako \u015brodek profilaktyczny w celu utrzymania prawid\u0142owego funkcjonowania cia\u0142a. Zabieg trwa ok. 60min.\u00a0<\/p>\n<\/div>\n<\/div>\n<\/div><img decoding=\"async\" class=\"bde-image2-319-167 bde-image2\" src=\"https:\/\/zoofizjo.pl\/wp-content\/uploads\/2026\/03\/services-bottom-1.png\" loading=\"lazy\" srcset=\"https:\/\/zoofizjo.pl\/wp-content\/uploads\/2026\/03\/services-bottom-1.png 1249w, https:\/\/zoofizjo.pl\/wp-content\/uploads\/2026\/03\/services-bottom-1-275x300.png 275w, https:\/\/zoofizjo.pl\/wp-content\/uploads\/2026\/03\/services-bottom-1-937x1024.png 937w, https:\/\/zoofizjo.pl\/wp-content\/uploads\/2026\/03\/services-bottom-1-768x839.png 768w\" sizes=\"(max-width: 1249px) 100vw, 1249px\" data-entrance=\"slideRight\"><\/div>\n<\/section>","protected":false},"excerpt":{"rendered":"<p>Us\u0142ugi Zabiegi fizykalne 30 min ENF (ElectroNeuroFeedback)Nowoczesna, nieinwazyjna metoda fizykalna, kt\u00f3ra odczytuje op\u00f3r sk\u00f3ry i automatycznie dostosowuje impulsy elektryczne do potrzeb danego organizmu. Jest to innowacyjna metoda, kt\u00f3ra stymuluje uk\u0142ad nerwowy i przywraca r\u00f3wnowag\u0119 bioelektryczn\u0105 kom\u00f3rek. Efekty s\u0105 widoczne ju\u017c po pierwszej terapii. Zalecana w:stanach pooperacyjnychneuropatiachurazach mi\u0119\u015bni i \u015bci\u0119gienterapiach bliznredukcji przykurcz\u00f3w mi\u0119\u015bniDzi\u0119ki ENF Vet jestem [&hellip;]<\/p>\n","protected":false},"author":2,"featured_media":0,"parent":0,"menu_order":0,"comment_status":"closed","ping_status":"closed","template":"","meta":{"_breakdance_hide_in_design_set":false,"_breakdance_tags":"","footnotes":""},"class_list":["post-319","page","type-page","status-publish","hentry"],"_links":{"self":[{"href":"https:\/\/zoofizjo.pl\/index.php\/wp-json\/wp\/v2\/pages\/319","targetHints":{"allow":["GET"]}}],"collection":[{"href":"https:\/\/zoofizjo.pl\/index.php\/wp-json\/wp\/v2\/pages"}],"about":[{"href":"https:\/\/zoofizjo.pl\/index.php\/wp-json\/wp\/v2\/types\/page"}],"author":[{"embeddable":true,"href":"https:\/\/zoofizjo.pl\/index.php\/wp-json\/wp\/v2\/users\/2"}],"replies":[{"embeddable":true,"href":"https:\/\/zoofizjo.pl\/index.php\/wp-json\/wp\/v2\/comments?post=319"}],"version-history":[{"count":7,"href":"https:\/\/zoofizjo.pl\/index.php\/wp-json\/wp\/v2\/pages\/319\/revisions"}],"predecessor-version":[{"id":341,"href":"https:\/\/zoofizjo.pl\/index.php\/wp-json\/wp\/v2\/pages\/319\/revisions\/341"}],"wp:attachment":[{"href":"https:\/\/zoofizjo.pl\/index.php\/wp-json\/wp\/v2\/media?parent=319"}],"curies":[{"name":"wp","href":"https:\/\/api.w.org\/{rel}","templated":true}]}}