{"id":302,"date":"2026-03-10T19:47:41","date_gmt":"2026-03-10T19:47:41","guid":{"rendered":"https:\/\/zoofizjo.pl\/?page_id=302"},"modified":"2026-03-10T21:33:37","modified_gmt":"2026-03-10T21:33:37","slug":"cennik","status":"publish","type":"page","link":"https:\/\/zoofizjo.pl\/index.php\/cennik\/","title":{"rendered":"Cennik"},"content":{"rendered":"<section class=\"bde-section-302-100 bde-section\">\n  \n  \n\t\n\n\n\n<div class=\"section-container\"><div class=\"bde-div-302-104 bde-div\">\n  \n  \n\t\n\n\n\n<h1 class=\"bde-heading-302-101 bde-heading\" data-entrance=\"zoomOut\">\nCennik\n<\/h1><img decoding=\"async\" class=\"bde-image2-302-103 bde-image2\" src=\"https:\/\/zoofizjo.pl\/wp-content\/uploads\/2026\/03\/Pets23.png\" loading=\"lazy\" srcset=\"https:\/\/zoofizjo.pl\/wp-content\/uploads\/2026\/03\/Pets23.png 447w, https:\/\/zoofizjo.pl\/wp-content\/uploads\/2026\/03\/Pets23-300x265.png 300w\" sizes=\"(max-width: 447px) 100vw, 447px\" data-entrance=\"slideLeft\">\n<\/div><\/div>\n<\/section><section class=\"bde-section-302-105 bde-section\" data-entrance=\"slideUp\">\n  \n  \n\t\n\n\n\n<div class=\"section-container\"><div class=\"bde-div-302-106 bde-div price_list_wraper\">\n  \n  \n\t\n\n\n\n<div class=\"bde-div-302-109 bde-div price_name\">\n  \n  \n\t\n\n\n\n<h2 class=\"bde-heading-302-107 bde-heading price_title\">\nPierwsza wizyta\n<\/h2><div class=\"bde-text-302-108 bde-text price_info\">\n(badanie pacjenta oraz terapia)\n<\/div>\n<\/div><div class=\"bde-div-302-110 bde-div price_number\">\n  \n  \n\t\n\n\n\n<div class=\"bde-text-302-112 bde-text price\">\n160\n<\/div><div class=\"bde-text-302-113 bde-text zl\">\nz\u0142\n<\/div>\n<\/div>\n<\/div><div class=\"bde-div-302-114 bde-div price_list_wraper\">\n  \n  \n\t\n\n\n\n<div class=\"bde-div-302-115 bde-div price_name\">\n  \n  \n\t\n\n\n\n<h2 class=\"bde-heading-302-116 bde-heading price_title\">\nKonsultacja\n<\/h2><div class=\"bde-text-302-117 bde-text price_info\">\n(badanie pacjenta)\n<\/div>\n<\/div><div class=\"bde-div-302-118 bde-div price_number\">\n  \n  \n\t\n\n\n\n<div class=\"bde-text-302-119 bde-text price\">\n80\n<\/div><div class=\"bde-text-302-120 bde-text zl\">\nz\u0142\n<\/div>\n<\/div>\n<\/div><div class=\"bde-div-302-121 bde-div price_list_wraper\">\n  \n  \n\t\n\n\n\n<div class=\"bde-div-302-122 bde-div price_name\">\n  \n  \n\t\n\n\n\n<h2 class=\"bde-heading-302-123 bde-heading price_title\">\nTerapia manualna\n<\/h2><div class=\"bde-text-302-124 bde-text price_info\">\n(pinopresura, Stecco, masa\u017c)\n<\/div>\n<\/div><div class=\"bde-div-302-125 bde-div price_number\">\n  \n  \n\t\n\n\n\n<div class=\"bde-text-302-126 bde-text price\">\n130\n<\/div><div class=\"bde-text-302-127 bde-text zl\">\nz\u0142\n<\/div>\n<\/div>\n<\/div><div class=\"bde-div-302-128 bde-div price_list_wraper\">\n  \n  \n\t\n\n\n\n<div class=\"bde-div-302-129 bde-div price_name\">\n  \n  \n\t\n\n\n\n<h2 class=\"bde-heading-302-130 bde-heading price_title\">\nENF\n<\/h2>\n<\/div><div class=\"bde-div-302-132 bde-div price_number\">\n  \n  \n\t\n\n\n\n<div class=\"bde-text-302-133 bde-text price\">\n110\n<\/div><div class=\"bde-text-302-134 bde-text zl\">\nz\u0142\n<\/div>\n<\/div>\n<\/div><div class=\"bde-div-302-177 bde-div price_list_wraper\">\n  \n  \n\t\n\n\n\n<div class=\"bde-div-302-178 bde-div price_name\">\n  \n  \n\t\n\n\n\n<h2 class=\"bde-heading-302-179 bde-heading price_title\">\nENF + terapia manulana\n<\/h2>\n<\/div><div class=\"bde-div-302-180 bde-div price_number\">\n  \n  \n\t\n\n\n\n<div class=\"bde-text-302-181 bde-text price\">\n150\n<\/div><div class=\"bde-text-302-182 bde-text zl\">\nz\u0142\n<\/div>\n<\/div>\n<\/div><div class=\"bde-div-302-183 bde-div price_list_wraper\">\n  \n  \n\t\n\n\n\n<div class=\"bde-div-302-184 bde-div price_name\">\n  \n  \n\t\n\n\n\n<h2 class=\"bde-heading-302-185 bde-heading price_title\">\nLaseroterapia niskoenergetyczna\u00a0\n<\/h2>\n<\/div><div class=\"bde-div-302-225 bde-div price_wrap\">\n  \n  \n\t\n\n\n\n<div class=\"bde-div-302-186 bde-div price_number\">\n  \n  \n\t\n\n\n\n<div class=\"bde-text-302-187 bde-text price\">\n45\n<\/div><div class=\"bde-text-302-188 bde-text zl\">\nz\u0142\n<\/div>\n<\/div><div class=\"bde-text-302-226 bde-text\">\n(jedno pole zabiegowe)\n<\/div>\n<\/div>\n<\/div><div class=\"bde-div-302-237 bde-div price_list_wraper\">\n  \n  \n\t\n\n\n\n<div class=\"bde-div-302-238 bde-div price_name\">\n  \n  \n\t\n\n\n\n<h2 class=\"bde-heading-302-239 bde-heading price_title\">\nPole magnetyczne\n<\/h2>\n<\/div><div class=\"bde-div-302-240 bde-div price_wrap\">\n  \n  \n\t\n\n\n\n<div class=\"bde-div-302-241 bde-div price_number\">\n  \n  \n\t\n\n\n\n<div class=\"bde-text-302-242 bde-text price\">\n60\n<\/div><div class=\"bde-text-302-243 bde-text zl\">\nz\u0142\n<\/div>\n<\/div><div class=\"bde-text-302-244 bde-text\">\n(jedno pole zabiegowe)\n<\/div>\n<\/div>\n<\/div><div class=\"bde-div-302-189 bde-div price_list_wraper\">\n  \n  \n\t\n\n\n\n<div class=\"bde-div-302-190 bde-div price_name\">\n  \n  \n\t\n\n\n\n<h2 class=\"bde-heading-302-191 bde-heading price_title\">\nElektroterapia\n<\/h2>\n<\/div><div class=\"bde-div-302-232 bde-div price_wrap\">\n  \n  \n\t\n\n\n\n<div class=\"bde-div-302-233 bde-div price_number\">\n  \n  \n\t\n\n\n\n<div class=\"bde-text-302-234 bde-text price\">\n30\n<\/div><div class=\"bde-text-302-235 bde-text zl\">\nz\u0142\n<\/div>\n<\/div><div class=\"bde-text-302-236 bde-text\">\n(jedno pole zabiegowe)\n<\/div>\n<\/div>\n<\/div><div class=\"bde-div-302-195 bde-div price_list_wraper\">\n  \n  \n\t\n\n\n\n<div class=\"bde-div-302-196 bde-div price_name\">\n  \n  \n\t\n\n\n\n<h2 class=\"bde-heading-302-197 bde-heading price_title\">\nKinesiotaping\n<\/h2>\n<\/div><div class=\"bde-div-302-227 bde-div price_wrap\">\n  \n  \n\t\n\n\n\n<div class=\"bde-div-302-228 bde-div price_number\">\n  \n  \n\t\n\n\n\n<div class=\"bde-text-302-229 bde-text price\">\n25\n<\/div><div class=\"bde-text-302-230 bde-text zl\">\nz\u0142\n<\/div>\n<\/div><div class=\"bde-text-302-231 bde-text\">\n(jedno pole zabiegowe)\n<\/div>\n<\/div>\n<\/div><div class=\"bde-div-302-135 bde-div price_list_wraper\">\n  \n  \n\t\n\n\n\n<div class=\"bde-div-302-136 bde-div price_name\">\n  \n  \n\t\n\n\n\n<h2 class=\"bde-heading-302-137 bde-heading price_title\">\nKinezyterapia\n<\/h2><div class=\"bde-text-302-138 bde-text price_info\">\n(\u0107wiczenia)\n<\/div>\n<\/div><div class=\"bde-div-302-139 bde-div price_number\">\n  \n  \n\t\n\n\n\n<div class=\"bde-text-302-140 bde-text price\">\n100\n<\/div><div class=\"bde-text-302-141 bde-text zl\">\nz\u0142\n<\/div>\n<\/div>\n<\/div><div class=\"bde-div-302-201 bde-div price_list_wraper\">\n  \n  \n\t\n\n\n\n<div class=\"bde-div-302-202 bde-div price_name\">\n  \n  \n\t\n\n\n\n<h2 class=\"bde-heading-302-203 bde-heading price_title\">\nU\u0142o\u017cenie planu treningowego\n<\/h2>\n<\/div><div class=\"bde-div-302-204 bde-div price_number\">\n  \n  \n\t\n\n\n\n<div class=\"bde-text-302-205 bde-text price\">\n300\n<\/div><div class=\"bde-text-302-206 bde-text zl\">\nz\u0142\n<\/div>\n<\/div>\n<\/div><div class=\"bde-div-302-207 bde-div price_list_wraper\">\n  \n  \n\t\n\n\n\n<div class=\"bde-div-302-208 bde-div price_name\">\n  \n  \n\t\n\n\n\n<h2 class=\"bde-heading-302-209 bde-heading price_title\">\nKonsultacja dietetyczna\n<\/h2>\n<\/div><div class=\"bde-div-302-210 bde-div price_number\">\n  \n  \n\t\n\n\n\n<div class=\"bde-text-302-211 bde-text price\">\n100\n<\/div><div class=\"bde-text-302-212 bde-text zl\">\nz\u0142\n<\/div>\n<\/div>\n<\/div><div class=\"bde-div-302-213 bde-div price_list_wraper\">\n  \n  \n\t\n\n\n\n<div class=\"bde-div-302-214 bde-div price_name\">\n  \n  \n\t\n\n\n\n<h2 class=\"bde-heading-302-215 bde-heading price_title\">\nKonsultacja dietetyczna dla ps\u00f3w sportowych\n<\/h2>\n<\/div><div class=\"bde-div-302-216 bde-div price_number\">\n  \n  \n\t\n\n\n\n<div class=\"bde-text-302-217 bde-text price\">\n120\n<\/div><div class=\"bde-text-302-218 bde-text zl\">\nz\u0142\n<\/div>\n<\/div>\n<\/div><div class=\"bde-div-302-219 bde-div price_list_wraper\">\n  \n  \n\t\n\n\n\n<div class=\"bde-div-302-220 bde-div price_name\">\n  \n  \n\t\n\n\n\n<h2 class=\"bde-heading-302-221 bde-heading price_title\">\nTerapie \u0142\u0105czone \u2013 cena ustalana indywidualnie\n<\/h2>\n<\/div>\n<\/div><\/div>\n<\/section><section class=\"bde-section-302-245 bde-section\">\n  \n  \n\t\n\n\n\n<div class=\"section-container\"><h2 class=\"bde-heading-302-246 bde-heading\" data-entrance=\"slideUp\">\nCennik obowi\u0105zuje od 1.02.2026r.\n<\/h2><div class=\"bde-text-302-247 bde-text\" data-entrance=\"slideUp\">\nZa odwo\u0142anie wizyty na mniej ni\u017c 24h przed ustalonym terminem jest pobierana op\u0142ata w wysoko\u015bci 100% ceny wizyty.\u00a0\n<\/div><\/div>\n<\/section>","protected":false},"excerpt":{"rendered":"<p>Cennik Pierwsza wizyta (badanie pacjenta oraz terapia) 160 z\u0142 Konsultacja (badanie pacjenta) 80 z\u0142 Terapia manualna (pinopresura, Stecco, masa\u017c) 130 z\u0142 ENF 110 z\u0142 ENF + terapia manulana 150 z\u0142 Laseroterapia niskoenergetyczna\u00a0 45 z\u0142 (jedno pole zabiegowe) Pole magnetyczne 60 z\u0142 (jedno pole zabiegowe) Elektroterapia 30 z\u0142 (jedno pole zabiegowe) Kinesiotaping 25 z\u0142 (jedno pole [&hellip;]<\/p>\n","protected":false},"author":2,"featured_media":0,"parent":0,"menu_order":0,"comment_status":"closed","ping_status":"closed","template":"","meta":{"_breakdance_hide_in_design_set":false,"_breakdance_tags":"","footnotes":""},"class_list":["post-302","page","type-page","status-publish","hentry"],"_links":{"self":[{"href":"https:\/\/zoofizjo.pl\/index.php\/wp-json\/wp\/v2\/pages\/302","targetHints":{"allow":["GET"]}}],"collection":[{"href":"https:\/\/zoofizjo.pl\/index.php\/wp-json\/wp\/v2\/pages"}],"about":[{"href":"https:\/\/zoofizjo.pl\/index.php\/wp-json\/wp\/v2\/types\/page"}],"author":[{"embeddable":true,"href":"https:\/\/zoofizjo.pl\/index.php\/wp-json\/wp\/v2\/users\/2"}],"replies":[{"embeddable":true,"href":"https:\/\/zoofizjo.pl\/index.php\/wp-json\/wp\/v2\/comments?post=302"}],"version-history":[{"count":7,"href":"https:\/\/zoofizjo.pl\/index.php\/wp-json\/wp\/v2\/pages\/302\/revisions"}],"predecessor-version":[{"id":315,"href":"https:\/\/zoofizjo.pl\/index.php\/wp-json\/wp\/v2\/pages\/302\/revisions\/315"}],"wp:attachment":[{"href":"https:\/\/zoofizjo.pl\/index.php\/wp-json\/wp\/v2\/media?parent=302"}],"curies":[{"name":"wp","href":"https:\/\/api.w.org\/{rel}","templated":true}]}}